{"id":301,"date":"2023-03-16T01:54:58","date_gmt":"2023-03-16T00:54:58","guid":{"rendered":"https:\/\/www.leptitbain.org\/?page_id=301"},"modified":"2026-02-05T10:46:07","modified_gmt":"2026-02-05T09:46:07","slug":"mentions-legales","status":"publish","type":"page","link":"https:\/\/www.leptitbain.org\/?page_id=301","title":{"rendered":"Mentions l\u00e9gales"},"content":{"rendered":"\n<h6 class=\"wp-block-heading has-custom-bleu-color has-text-color\">Informations g\u00e9n\u00e9rales<\/h6>\n\n\n\n<p class=\"has-custom-bleu-color has-text-color has-link-color wp-elements-a9fdf5e2553782baa513ba0632f7f78b\">Le site <a href=\"https:\/\/www.leptitbain.org\/\">https:\/\/www.leptitbain.org\/<\/a> est la propri\u00e9t\u00e9 pleine et enti\u00e8re du projet Le P&rsquo;tit bain.<\/p>\n\n\n\n<ul class=\"wp-block-list has-custom-bleu-color has-text-color\">\n<li>Nom du projet : Le P&rsquo;tit Bain<\/li>\n\n\n\n<li>Responsable de r\u00e9daction\/publication : GUIMARD Ana\u00efs<\/li>\n\n\n\n<li>Adresse mail : anais.guimard@croix-rouge.fr<\/li>\n\n\n\n<li>Num\u00e9ro de t\u00e9l\u00e9phone : 06 64 99 66 50<\/li>\n\n\n\n<li>Si\u00e8ge sociale : 39 Rue de la Chauvinerie, 86000 POITIERS &#8211; FRANCE<\/li>\n<\/ul>\n\n\n\n<h6 class=\"wp-block-heading has-custom-bleu-color has-text-color\">H\u00e9bergement<\/h6>\n\n\n\n<p class=\"has-custom-bleu-color has-text-color\">Le site est h\u00e9berg\u00e9 par OVHCloud, situ\u00e9 au 2 rue Kellermann 59100 Roubaix et joignable au 1007.<\/p>\n\n\n\n<h6 class=\"wp-block-heading has-custom-bleu-color has-text-color\">R\u00e9alisation<\/h6>\n\n\n\n<p class=\"has-custom-bleu-color has-text-color\">Le site Le P&rsquo;tit Bain a \u00e9t\u00e9 r\u00e9alis\u00e9 dans le cadre d&rsquo;un projet universitaire par deux \u00e9tudiants du Master Web \u00e9ditorial et Strat\u00e9gie UX de l&rsquo;Universit\u00e9 de Poitiers.<\/p>\n\n\n\n<div style=\"height:20px\" aria-hidden=\"true\" class=\"wp-block-spacer\"><\/div>\n","protected":false},"excerpt":{"rendered":"<p>Informations g\u00e9n\u00e9rales Le site https:\/\/www.leptitbain.org\/ est la propri\u00e9t\u00e9 pleine et enti\u00e8re du projet Le P&rsquo;tit bain. H\u00e9bergement Le site est h\u00e9berg\u00e9 par OVHCloud, situ\u00e9 au&#8230;<\/p>\n","protected":false},"author":1,"featured_media":0,"parent":0,"menu_order":0,"comment_status":"closed","ping_status":"closed","template":"","meta":{"footnotes":""},"class_list":["post-301","page","type-page","status-publish","hentry"],"_links":{"self":[{"href":"https:\/\/www.leptitbain.org\/index.php?rest_route=\/wp\/v2\/pages\/301","targetHints":{"allow":["GET"]}}],"collection":[{"href":"https:\/\/www.leptitbain.org\/index.php?rest_route=\/wp\/v2\/pages"}],"about":[{"href":"https:\/\/www.leptitbain.org\/index.php?rest_route=\/wp\/v2\/types\/page"}],"author":[{"embeddable":true,"href":"https:\/\/www.leptitbain.org\/index.php?rest_route=\/wp\/v2\/users\/1"}],"replies":[{"embeddable":true,"href":"https:\/\/www.leptitbain.org\/index.php?rest_route=%2Fwp%2Fv2%2Fcomments&post=301"}],"version-history":[{"count":12,"href":"https:\/\/www.leptitbain.org\/index.php?rest_route=\/wp\/v2\/pages\/301\/revisions"}],"predecessor-version":[{"id":981,"href":"https:\/\/www.leptitbain.org\/index.php?rest_route=\/wp\/v2\/pages\/301\/revisions\/981"}],"wp:attachment":[{"href":"https:\/\/www.leptitbain.org\/index.php?rest_route=%2Fwp%2Fv2%2Fmedia&parent=301"}],"curies":[{"name":"wp","href":"https:\/\/api.w.org\/{rel}","templated":true}]}}